{"id":4810,"date":"2021-07-05T20:38:04","date_gmt":"2021-07-05T23:38:04","guid":{"rendered":"https:\/\/ldtelecomrn.com.br\/?page_id=4810"},"modified":"2021-07-05T20:41:41","modified_gmt":"2021-07-05T23:41:41","slug":"saiba-mais","status":"publish","type":"page","link":"https:\/\/ldtelecomrn.com.br\/?page_id=4810","title":{"rendered":"Saiba mais"},"content":{"rendered":"\t\t<div data-elementor-type=\"wp-page\" data-elementor-id=\"4810\" class=\"elementor elementor-4810\" data-elementor-settings=\"[]\">\n\t\t\t\t\t\t\t<div class=\"elementor-section-wrap\">\n\t\t\t\t\t\t\t<section class=\"elementor-section elementor-top-section elementor-element elementor-element-31c8ede elementor-section-boxed elementor-section-height-default elementor-section-height-default\" data-id=\"31c8ede\" data-element_type=\"section\">\n\t\t\t\t\t\t<div class=\"elementor-container elementor-column-gap-default\">\n\t\t\t\t\t<div class=\"elementor-column elementor-col-100 elementor-top-column elementor-element elementor-element-cab8d9d ot-flex-column-vertical\" data-id=\"cab8d9d\" data-element_type=\"column\">\n\t\t\t<div class=\"elementor-widget-wrap elementor-element-populated\">\n\t\t\t\t\t\t\t\t<div class=\"elementor-element elementor-element-3cfd358 elementor-widget elementor-widget-heading\" data-id=\"3cfd358\" data-element_type=\"widget\" data-widget_type=\"heading.default\">\n\t\t\t\t<div class=\"elementor-widget-container\">\n\t\t\t<h2 class=\"elementor-heading-title elementor-size-default\">Conhe\u00e7a melhor a LD TELECOM!<\/h2>\t\t<\/div>\n\t\t\t\t<\/div>\n\t\t\t\t\t<\/div>\n\t\t<\/div>\n\t\t\t\t\t\t\t<\/div>\n\t\t<\/section>\n\t\t\t\t<section data-color=\"#fe4c1c,#00c3ff,#0160e7\" class=\"elementor-section elementor-top-section elementor-element elementor-element-2328ba01 particles-js elementor-section-boxed elementor-section-height-default elementor-section-height-default\" data-id=\"2328ba01\" data-element_type=\"section\" data-settings=\"{&quot;background_background&quot;:&quot;classic&quot;}\">\n\t\t\t\t\t\t<div class=\"elementor-container elementor-column-gap-default\">\n\t\t\t\t\t<div class=\"elementor-column elementor-col-100 elementor-top-column elementor-element elementor-element-34096abe ot-flex-column-vertical\" data-id=\"34096abe\" data-element_type=\"column\">\n\t\t\t<div class=\"elementor-widget-wrap elementor-element-populated\">\n\t\t\t\t\t\t\t\t<div class=\"elementor-element elementor-element-61eb9143 elementor-widget elementor-widget-iheading\" data-id=\"61eb9143\" data-element_type=\"widget\" data-widget_type=\"iheading.default\">\n\t\t\t\t<div class=\"elementor-widget-container\">\n\t\t\t\t\t<div class=\"ot-heading center-align\">\r\n\t\t\t\r\n\t\t\t\t\r\n\r\n\t        \t            <h6 class=\"sub-heading\"><span>Nossa marca de sucesso<\/span><\/h6>\r\n\t         \r\n\r\n\t        \t        \t<h2 class=\"main-heading\">Pilares LD Telecom<\/h2>\r\n\t        \t    <\/div>\r\n\t    \t\t<\/div>\n\t\t\t\t<\/div>\n\t\t\t\t<div class=\"elementor-element elementor-element-517454c4 elementor-hidden-tablet elementor-hidden-phone elementor-widget elementor-widget-icircle_process\" data-id=\"517454c4\" data-element_type=\"widget\" data-widget_type=\"icircle_process.default\">\n\t\t\t\t<div class=\"elementor-widget-container\">\n\t\t\t\r\n\t\t<div class=\"ot-cprocess\">\r\n\t\t\t<div class=\"ot-cprocess-item clearfix elementor-repeater-item-bc5241f text-right\"><div class=\"ot-cprocess-item-number font-second\">01<\/div><div class=\"ot-cprocess-item-inner\"><div class=\"ot-cprocess-item-dot\"><\/div><div class=\"ot-cprocess-item-title font-second\">Tecnologia de ponta<\/div><div class=\"ot-cprocess-item-desc font-main\"><p>Estamos sempre investindo em tecnologias que possam sempre melhorar a experi\u00eancia de nossos clientes<\/p><\/div><\/div><\/div><div class=\"ot-cprocess-item clearfix elementor-repeater-item-53094d9 text-center\"><div class=\"ot-cprocess-item-number font-second\">02<\/div><div class=\"ot-cprocess-item-inner\"><div class=\"ot-cprocess-item-dot\"><\/div><div class=\"ot-cprocess-item-title font-second\">Suporte ao Cliente<\/div><div class=\"ot-cprocess-item-desc font-main\"><p>Nossa maior motiva\u00e7\u00e3o s\u00e3o nossos clientes! E estamos empenhados em oferecer sempre o melhor suporte.<\/p><\/div><\/div><\/div><div class=\"ot-cprocess-item clearfix elementor-repeater-item-cb89196 text-left\"><div class=\"ot-cprocess-item-number font-second\">03<\/div><div class=\"ot-cprocess-item-inner\"><div class=\"ot-cprocess-item-dot\"><\/div><div class=\"ot-cprocess-item-title font-second\">Planos<\/div><div class=\"ot-cprocess-item-desc font-main\"><p>oferecemos o melhores planos visando a rela\u00e7\u00e3o custo x ben\u00e9fico.\u00a0<\/p><\/div><\/div><\/div>\t\t\t\r\n\t\t\t\t\t\t\t<div class=\"circle_logo\">\r\n\t\t\t\t\t<img loading=\"lazy\" decoding=\"async\" width=\"217\" height=\"209\" src=\"https:\/\/ldtelecomrn.com.br\/wp-content\/uploads\/2021\/07\/logo-shape34.png\" class=\"attachment-full size-full\" alt=\"\" \/>\t\t\t\t<\/div>\r\n\t\t\t\t\t\t<svg class=\"ot-cprocess-circle-chart\" height=\"500\" width=\"500\">\r\n\t\t\t\t<circle cx=\"250\" cy=\"250\" r=\"225\" stroke=\"url(#gradient)\" stroke-width=\"50\" fill=\"none\" \/>\r\n\t\t\t\t<linearGradient id=\"gradient\" gradientTransform=\"rotate(45)\">\r\n\t\t\t\t\t<stop offset=\"0%\"  stop-color=\"#015be6\"\/>\t\r\n\t\t\t\t\t<stop offset=\"100%\" stop-color=\"#03baee\"\/>\r\n\t\t\t\t<\/linearGradient>  \t\t\t\t\r\n\t\t\t<\/svg>\r\n\t\t<\/div>\r\n\r\n\t\t\t<\/div>\n\t\t\t\t<\/div>\n\t\t\t\t<section class=\"elementor-section elementor-inner-section elementor-element elementor-element-12e6b48b elementor-hidden-desktop elementor-section-boxed elementor-section-height-default elementor-section-height-default\" data-id=\"12e6b48b\" data-element_type=\"section\">\n\t\t\t\t\t\t<div class=\"elementor-container elementor-column-gap-default\">\n\t\t\t\t\t<div class=\"elementor-column elementor-col-33 elementor-inner-column elementor-element elementor-element-2000e6d8 ot-flex-column-vertical\" data-id=\"2000e6d8\" data-element_type=\"column\">\n\t\t\t<div class=\"elementor-widget-wrap elementor-element-populated\">\n\t\t\t\t\t\t\t\t<div class=\"elementor-element elementor-element-7169f92b elementor-widget elementor-widget-iprocessbox\" data-id=\"7169f92b\" data-element_type=\"widget\" data-widget_type=\"iprocessbox.default\">\n\t\t\t\t<div class=\"elementor-widget-container\">\n\t\t\t\r\n\t\t<div class=\"process-box\">\r\n\t\t\t\t\t\t<div class=\"number-box\">\r\n\t\t        01\t        <\/div>\r\n\t        <div class=\"icon-main\">\r\n\t\t        \t\t\t    \t\t        \t        <\/div>\r\n\t        <div class=\"content-box\">\r\n\t            <h5 class=\"process-box-title\">Tecnologia de ponta<\/h5>\r\n\t            <p>Estamos sempre investindo em tecnologias que possam sempre melhorar a experi\u00eancia de nossos clientes<\/p>\r\n\t        <\/div>\r\n\t\t<\/div>\r\n\r\n\t    \t\t<\/div>\n\t\t\t\t<\/div>\n\t\t\t\t\t<\/div>\n\t\t<\/div>\n\t\t\t\t<div class=\"elementor-column elementor-col-33 elementor-inner-column elementor-element elementor-element-7eda0806 ot-flex-column-vertical\" data-id=\"7eda0806\" data-element_type=\"column\">\n\t\t\t<div class=\"elementor-widget-wrap elementor-element-populated\">\n\t\t\t\t\t\t\t\t<div class=\"elementor-element elementor-element-30826cb0 elementor-widget elementor-widget-iprocessbox\" data-id=\"30826cb0\" data-element_type=\"widget\" data-widget_type=\"iprocessbox.default\">\n\t\t\t\t<div class=\"elementor-widget-container\">\n\t\t\t\r\n\t\t<div class=\"process-box\">\r\n\t\t\t\t\t\t<div class=\"number-box\">\r\n\t\t        02\t        <\/div>\r\n\t        <div class=\"icon-main\">\r\n\t\t        \t\t\t    \t\t        \t        <\/div>\r\n\t        <div class=\"content-box\">\r\n\t            <h5 class=\"process-box-title\">Suporte ao cliente<\/h5>\r\n\t            <p>Nossa maior motiva\u00e7\u00e3o s\u00e3o nossos clientes! E estamos empenhados em oferecer sempre o melhor suporte.<\/p>\r\n\t        <\/div>\r\n\t\t<\/div>\r\n\r\n\t    \t\t<\/div>\n\t\t\t\t<\/div>\n\t\t\t\t\t<\/div>\n\t\t<\/div>\n\t\t\t\t<div class=\"elementor-column elementor-col-33 elementor-inner-column elementor-element elementor-element-7f9a691d ot-flex-column-vertical\" data-id=\"7f9a691d\" data-element_type=\"column\">\n\t\t\t<div class=\"elementor-widget-wrap elementor-element-populated\">\n\t\t\t\t\t\t\t\t<div class=\"elementor-element elementor-element-4cbcc241 elementor-widget elementor-widget-iprocessbox\" data-id=\"4cbcc241\" data-element_type=\"widget\" data-widget_type=\"iprocessbox.default\">\n\t\t\t\t<div class=\"elementor-widget-container\">\n\t\t\t\r\n\t\t<div class=\"process-box\">\r\n\t\t\t\t\t\t<div class=\"number-box\">\r\n\t\t        03\t        <\/div>\r\n\t        <div class=\"icon-main\">\r\n\t\t        \t\t\t    \t\t        \t        <\/div>\r\n\t        <div class=\"content-box\">\r\n\t            <h5 class=\"process-box-title\">Planos<\/h5>\r\n\t            <p>oferecemos o melhores planos visando a rela\u00e7\u00e3o custo x ben\u00e9fico.\u00a0<\/p>\r\n\t        <\/div>\r\n\t\t<\/div>\r\n\r\n\t    \t\t<\/div>\n\t\t\t\t<\/div>\n\t\t\t\t\t<\/div>\n\t\t<\/div>\n\t\t\t\t\t\t\t<\/div>\n\t\t<\/section>\n\t\t\t\t\t<\/div>\n\t\t<\/div>\n\t\t\t\t\t\t\t<\/div>\n\t\t<\/section>\n\t\t\t\t\t\t<\/div>\n\t\t\t\t\t<\/div>\n\t\t","protected":false},"excerpt":{"rendered":"<p>Conhe\u00e7a melhor a LD TELECOM! Nossa marca de sucesso Pilares LD Telecom 01Tecnologia de ponta Estamos sempre investindo em tecnologias que possam sempre melhorar a experi\u00eancia de nossos clientes 02Suporte ao Cliente Nossa maior motiva\u00e7\u00e3o s\u00e3o nossos clientes! E estamos empenhados em oferecer sempre o melhor suporte. 03Planos oferecemos o melhores planos visando a rela\u00e7\u00e3o [&hellip;]<\/p>\n","protected":false},"author":1,"featured_media":0,"parent":0,"menu_order":0,"comment_status":"closed","ping_status":"closed","template":"","meta":{"_monsterinsights_skip_tracking":false,"_monsterinsights_sitenote_active":false,"_monsterinsights_sitenote_note":"","_monsterinsights_sitenote_category":0,"footnotes":""},"class_list":["post-4810","page","type-page","status-publish","hentry"],"_links":{"self":[{"href":"https:\/\/ldtelecomrn.com.br\/index.php?rest_route=\/wp\/v2\/pages\/4810","targetHints":{"allow":["GET"]}}],"collection":[{"href":"https:\/\/ldtelecomrn.com.br\/index.php?rest_route=\/wp\/v2\/pages"}],"about":[{"href":"https:\/\/ldtelecomrn.com.br\/index.php?rest_route=\/wp\/v2\/types\/page"}],"author":[{"embeddable":true,"href":"https:\/\/ldtelecomrn.com.br\/index.php?rest_route=\/wp\/v2\/users\/1"}],"replies":[{"embeddable":true,"href":"https:\/\/ldtelecomrn.com.br\/index.php?rest_route=%2Fwp%2Fv2%2Fcomments&post=4810"}],"version-history":[{"count":8,"href":"https:\/\/ldtelecomrn.com.br\/index.php?rest_route=\/wp\/v2\/pages\/4810\/revisions"}],"predecessor-version":[{"id":4820,"href":"https:\/\/ldtelecomrn.com.br\/index.php?rest_route=\/wp\/v2\/pages\/4810\/revisions\/4820"}],"wp:attachment":[{"href":"https:\/\/ldtelecomrn.com.br\/index.php?rest_route=%2Fwp%2Fv2%2Fmedia&parent=4810"}],"curies":[{"name":"wp","href":"https:\/\/api.w.org\/{rel}","templated":true}]}}